{"id":222,"date":"2025-09-08T11:35:41","date_gmt":"2025-09-08T10:35:41","guid":{"rendered":"https:\/\/letssayformacion.com\/?page_id=222"},"modified":"2025-09-26T12:23:36","modified_gmt":"2025-09-26T11:23:36","slug":"contacto","status":"publish","type":"page","link":"https:\/\/letssayformacion.com\/en\/contacto\/","title":{"rendered":"Contacto"},"content":{"rendered":"\t\t<div data-elementor-type=\"wp-page\" data-elementor-id=\"222\" class=\"elementor elementor-222\" data-elementor-post-type=\"page\">\n\t\t\t\t<div class=\"elementor-element elementor-element-79dc076 e-flex e-con-boxed e-con e-parent\" data-id=\"79dc076\" data-element_type=\"container\" data-e-type=\"container\" data-settings=\"{&quot;background_background&quot;:&quot;classic&quot;}\">\n\t\t\t\t\t<div class=\"e-con-inner\">\n\t\t\t\t<div class=\"elementor-element elementor-element-6a191fa elementor-widget elementor-widget-heading\" data-id=\"6a191fa\" data-element_type=\"widget\" data-e-type=\"widget\" data-widget_type=\"heading.default\">\n\t\t\t\t\t<h1 class=\"elementor-heading-title elementor-size-default\">Contacto<\/h1>\t\t\t\t<\/div>\n\t\t\t\t<div class=\"elementor-element elementor-element-7137616 elementor-widget elementor-widget-text-editor\" data-id=\"7137616\" data-element_type=\"widget\" data-e-type=\"widget\" data-widget_type=\"text-editor.default\">\n\t\t\t\t\t\t\t\t\t<p>En <b>Letssay Formaci\u00f3n<\/b>, nuestro objetivo es entender tus necesidades para ofrecerte soluciones a medida. Ya sea que tengas preguntas sobre nuestros servicios, quieras solicitar una cotizaci\u00f3n o est\u00e9s listo para iniciar un nuevo proyecto de formaci\u00f3n, estaremos encantados de escucharte.<\/p>\t\t\t\t\t\t\t\t<\/div>\n\t\t\t\t\t<\/div>\n\t\t\t\t<\/div>\n\t\t<div class=\"elementor-element elementor-element-6f55cc2 e-flex e-con-boxed e-con e-parent\" data-id=\"6f55cc2\" data-element_type=\"container\" data-e-type=\"container\">\n\t\t\t\t\t<div class=\"e-con-inner\">\n\t\t<div class=\"elementor-element elementor-element-8e3e31e e-con-full e-flex e-con e-child\" data-id=\"8e3e31e\" data-element_type=\"container\" data-e-type=\"container\">\n\t\t\t\t<div class=\"elementor-element elementor-element-0ca6a5d elementor-widget elementor-widget-heading\" data-id=\"0ca6a5d\" data-element_type=\"widget\" data-e-type=\"widget\" data-widget_type=\"heading.default\">\n\t\t\t\t\t<h2 class=\"elementor-heading-title elementor-size-default\">Env\u00edanos un mensaje<\/h2>\t\t\t\t<\/div>\n\t\t\t\t<div class=\"elementor-element elementor-element-6ff435d elementor-widget elementor-widget-text-editor\" data-id=\"6ff435d\" data-element_type=\"widget\" data-e-type=\"widget\" data-widget_type=\"text-editor.default\">\n\t\t\t\t\t\t\t\t\t<p>Completa el siguiente formulario y nos pondremos en contacto contigo en un plazo de 24 a 48 horas h\u00e1biles para dar seguimiento a tu solicitud.<\/p>\t\t\t\t\t\t\t\t<\/div>\n\t\t\t\t<div class=\"elementor-element elementor-element-c6fe7b7 elementor-button-align-stretch elementor-widget elementor-widget-form\" data-id=\"c6fe7b7\" data-element_type=\"widget\" data-e-type=\"widget\" data-settings=\"{&quot;step_next_label&quot;:&quot;Siguiente&quot;,&quot;step_previous_label&quot;:&quot;Anterior&quot;,&quot;button_width&quot;:&quot;100&quot;,&quot;step_type&quot;:&quot;number_text&quot;,&quot;step_icon_shape&quot;:&quot;circle&quot;}\" data-widget_type=\"form.default\">\n\t\t\t\t\t\t\t<form class=\"elementor-form\" method=\"post\" name=\"Nuevo formulario\" aria-label=\"Nuevo formulario\">\n\t\t\t<input type=\"hidden\" name=\"post_id\" value=\"222\"\/>\n\t\t\t<input type=\"hidden\" name=\"form_id\" value=\"c6fe7b7\"\/>\n\t\t\t<input type=\"hidden\" name=\"referer_title\" value=\"Contacto - Letssay Formaci\u00f3n\" \/>\n\n\t\t\t\t\t\t\t<input type=\"hidden\" name=\"queried_id\" value=\"222\"\/>\n\t\t\t\n\t\t\t<div class=\"elementor-form-fields-wrapper elementor-labels-above\">\n\t\t\t\t\t\t\t\t<div class=\"elementor-field-type-text elementor-field-group elementor-column elementor-field-group-name elementor-col-100\">\n\t\t\t\t\t\t\t\t\t\t\t\t<label for=\"form-field-name\" class=\"elementor-field-label\">\n\t\t\t\t\t\t\t\tNombre y Apellido\t\t\t\t\t\t\t<\/label>\n\t\t\t\t\t\t\t\t\t\t\t\t\t\t<input size=\"1\" type=\"text\" name=\"form_fields[name]\" id=\"form-field-name\" class=\"elementor-field elementor-size-md  elementor-field-textual\">\n\t\t\t\t\t\t\t\t\t\t\t<\/div>\n\t\t\t\t\t\t\t\t<div class=\"elementor-field-type-email elementor-field-group elementor-column elementor-field-group-email elementor-col-100 elementor-field-required\">\n\t\t\t\t\t\t\t\t\t\t\t\t<label for=\"form-field-email\" class=\"elementor-field-label\">\n\t\t\t\t\t\t\t\tCorreo electr\u00f3nico\t\t\t\t\t\t\t<\/label>\n\t\t\t\t\t\t\t\t\t\t\t\t\t\t<input size=\"1\" type=\"email\" name=\"form_fields[email]\" id=\"form-field-email\" class=\"elementor-field elementor-size-md  elementor-field-textual\" required=\"required\">\n\t\t\t\t\t\t\t\t\t\t\t<\/div>\n\t\t\t\t\t\t\t\t<div class=\"elementor-field-type-textarea elementor-field-group elementor-column elementor-field-group-message elementor-col-100\">\n\t\t\t\t\t\t\t\t\t\t\t\t<label for=\"form-field-message\" class=\"elementor-field-label\">\n\t\t\t\t\t\t\t\tMensaje\t\t\t\t\t\t\t<\/label>\n\t\t\t\t\t\t<textarea class=\"elementor-field-textual elementor-field  elementor-size-md\" name=\"form_fields[message]\" id=\"form-field-message\" rows=\"4\"><\/textarea>\t\t\t\t<\/div>\n\t\t\t\t\t\t\t\t<div class=\"elementor-field-type-recaptcha_v3 elementor-field-group elementor-column elementor-field-group-field_ab15eba elementor-col-100 recaptcha_v3-inline\">\n\t\t\t\t\t<div class=\"elementor-field\" id=\"form-field-field_ab15eba\"><div class=\"elementor-g-recaptcha\" data-sitekey=\"6Leg3dUrAAAAAPcZMP5UiknbJmv69bnQu5yvT30X\" data-type=\"v3\" data-action=\"Form\" data-badge=\"inline\" data-size=\"invisible\"><\/div><\/div>\t\t\t\t<\/div>\n\t\t\t\t\t\t\t\t<div class=\"elementor-field-group elementor-column elementor-field-type-submit elementor-col-100 e-form__buttons\">\n\t\t\t\t\t<button class=\"elementor-button elementor-size-sm\" type=\"submit\">\n\t\t\t\t\t\t<span class=\"elementor-button-content-wrapper\">\n\t\t\t\t\t\t\t\t\t\t\t\t\t\t\t\t\t\t\t\t\t\t<span class=\"elementor-button-text\">Enviar<\/span>\n\t\t\t\t\t\t\t\t\t\t\t\t\t<\/span>\n\t\t\t\t\t<\/button>\n\t\t\t\t<\/div>\n\t\t\t<\/div>\n\t\t<\/form>\n\t\t\t\t\t\t<\/div>\n\t\t\t\t<\/div>\n\t\t<div class=\"elementor-element elementor-element-f656342 e-con-full e-flex e-con e-child\" data-id=\"f656342\" data-element_type=\"container\" data-e-type=\"container\">\n\t\t\t\t<div class=\"elementor-element elementor-element-8befa82 elementor-widget elementor-widget-google_maps\" data-id=\"8befa82\" data-element_type=\"widget\" data-e-type=\"widget\" data-widget_type=\"google_maps.default\">\n\t\t\t\t\t\t\t<div class=\"elementor-custom-embed\">\n\t\t\t<iframe loading=\"lazy\"\n\t\t\t\t\tsrc=\"https:\/\/maps.google.com\/maps?q=C%2F.%20FILOLOGO%20JULIO%20CASARES%2C%2012%2C%20GRANADA&#038;t=m&#038;z=16&#038;output=embed&#038;iwloc=near\"\n\t\t\t\t\ttitle=\"C\/. FILOLOGO JULIO CASARES, 12, GRANADA\"\n\t\t\t\t\taria-label=\"C\/. FILOLOGO JULIO CASARES, 12, GRANADA\"\n\t\t\t><\/iframe>\n\t\t<\/div>\n\t\t\t\t\t\t<\/div>\n\t\t\t\t<\/div>\n\t\t\t\t\t<\/div>\n\t\t\t\t<\/div>\n\t\t\t\t<\/div>\n\t\t","protected":false},"excerpt":{"rendered":"<p>Contacto En Letssay Formaci\u00f3n, nuestro objetivo es entender tus necesidades para ofrecerte soluciones a medida. Ya sea que tengas preguntas [&hellip;]<\/p>\n","protected":false},"author":1,"featured_media":0,"parent":0,"menu_order":0,"comment_status":"closed","ping_status":"closed","template":"","meta":{"site-sidebar-layout":"no-sidebar","site-content-layout":"","ast-site-content-layout":"full-width-container","site-content-style":"default","site-sidebar-style":"default","ast-global-header-display":"","ast-banner-title-visibility":"","ast-main-header-display":"","ast-hfb-above-header-display":"","ast-hfb-below-header-display":"","ast-hfb-mobile-header-display":"","site-post-title":"disabled","ast-breadcrumbs-content":"","ast-featured-img":"disabled","footer-sml-layout":"","ast-disable-related-posts":"","theme-transparent-header-meta":"","adv-header-id-meta":"","stick-header-meta":"","header-above-stick-meta":"","header-main-stick-meta":"","header-below-stick-meta":"","astra-migrate-meta-layouts":"default","ast-page-background-enabled":"default","ast-page-background-meta":{"desktop":{"background-color":"var(--ast-global-color-5)","background-image":"","background-repeat":"repeat","background-position":"center center","background-size":"auto","background-attachment":"scroll","background-type":"","background-media":"","overlay-type":"","overlay-color":"","overlay-opacity":"","overlay-gradient":""},"tablet":{"background-color":"","background-image":"","background-repeat":"repeat","background-position":"center center","background-size":"auto","background-attachment":"scroll","background-type":"","background-media":"","overlay-type":"","overlay-color":"","overlay-opacity":"","overlay-gradient":""},"mobile":{"background-color":"","background-image":"","background-repeat":"repeat","background-position":"center center","background-size":"auto","background-attachment":"scroll","background-type":"","background-media":"","overlay-type":"","overlay-color":"","overlay-opacity":"","overlay-gradient":""}},"ast-content-background-meta":{"desktop":{"background-color":"var(--ast-global-color-4)","background-image":"","background-repeat":"repeat","background-position":"center center","background-size":"auto","background-attachment":"scroll","background-type":"","background-media":"","overlay-type":"","overlay-color":"","overlay-opacity":"","overlay-gradient":""},"tablet":{"background-color":"var(--ast-global-color-4)","background-image":"","background-repeat":"repeat","background-position":"center center","background-size":"auto","background-attachment":"scroll","background-type":"","background-media":"","overlay-type":"","overlay-color":"","overlay-opacity":"","overlay-gradient":""},"mobile":{"background-color":"var(--ast-global-color-4)","background-image":"","background-repeat":"repeat","background-position":"center center","background-size":"auto","background-attachment":"scroll","background-type":"","background-media":"","overlay-type":"","overlay-color":"","overlay-opacity":"","overlay-gradient":""}},"footnotes":""},"class_list":["post-222","page","type-page","status-publish","hentry"],"yoast_head":"<!-- This site is optimized with the Yoast SEO plugin v27.5 - https:\/\/yoast.com\/product\/yoast-seo-wordpress\/ -->\n<title>Contacto - Letssay Formaci\u00f3n<\/title>\n<meta name=\"robots\" content=\"index, follow, max-snippet:-1, max-image-preview:large, max-video-preview:-1\" \/>\n<link rel=\"canonical\" href=\"https:\/\/letssayformacion.com\/en\/contacto\/\" \/>\n<meta property=\"og:locale\" content=\"en_GB\" \/>\n<meta property=\"og:type\" content=\"article\" \/>\n<meta property=\"og:title\" content=\"Contacto - Letssay Formaci\u00f3n\" \/>\n<meta property=\"og:description\" content=\"Contacto En Letssay Formaci\u00f3n, nuestro objetivo es entender tus necesidades para ofrecerte soluciones a medida. Ya sea que tengas preguntas [&hellip;]\" \/>\n<meta property=\"og:url\" content=\"https:\/\/letssayformacion.com\/en\/contacto\/\" \/>\n<meta property=\"og:site_name\" content=\"Letssay Formaci\u00f3n\" \/>\n<meta property=\"article:modified_time\" content=\"2025-09-26T11:23:36+00:00\" \/>\n<meta name=\"twitter:card\" content=\"summary_large_image\" \/>\n<meta name=\"twitter:label1\" content=\"Estimated reading time\" \/>\n\t<meta name=\"twitter:data1\" content=\"1 minute\" \/>\n<script type=\"application\/ld+json\" class=\"yoast-schema-graph\">{\"@context\":\"https:\\\/\\\/schema.org\",\"@graph\":[{\"@type\":\"WebPage\",\"@id\":\"https:\\\/\\\/letssayformacion.com\\\/contacto\\\/\",\"url\":\"https:\\\/\\\/letssayformacion.com\\\/contacto\\\/\",\"name\":\"Contacto - Letssay Formaci\u00f3n\",\"isPartOf\":{\"@id\":\"https:\\\/\\\/letssayformacion.com\\\/#website\"},\"datePublished\":\"2025-09-08T10:35:41+00:00\",\"dateModified\":\"2025-09-26T11:23:36+00:00\",\"breadcrumb\":{\"@id\":\"https:\\\/\\\/letssayformacion.com\\\/contacto\\\/#breadcrumb\"},\"inLanguage\":\"en-GB\",\"potentialAction\":[{\"@type\":\"ReadAction\",\"target\":[\"https:\\\/\\\/letssayformacion.com\\\/contacto\\\/\"]}]},{\"@type\":\"BreadcrumbList\",\"@id\":\"https:\\\/\\\/letssayformacion.com\\\/contacto\\\/#breadcrumb\",\"itemListElement\":[{\"@type\":\"ListItem\",\"position\":1,\"name\":\"Portada\",\"item\":\"https:\\\/\\\/letssayformacion.com\\\/\"},{\"@type\":\"ListItem\",\"position\":2,\"name\":\"Contacto\"}]},{\"@type\":\"WebSite\",\"@id\":\"https:\\\/\\\/letssayformacion.com\\\/#website\",\"url\":\"https:\\\/\\\/letssayformacion.com\\\/\",\"name\":\"Letssay Formaci\u00f3n\",\"description\":\"\",\"publisher\":{\"@id\":\"https:\\\/\\\/letssayformacion.com\\\/#organization\"},\"potentialAction\":[{\"@type\":\"SearchAction\",\"target\":{\"@type\":\"EntryPoint\",\"urlTemplate\":\"https:\\\/\\\/letssayformacion.com\\\/?s={search_term_string}\"},\"query-input\":{\"@type\":\"PropertyValueSpecification\",\"valueRequired\":true,\"valueName\":\"search_term_string\"}}],\"inLanguage\":\"en-GB\"},{\"@type\":\"Organization\",\"@id\":\"https:\\\/\\\/letssayformacion.com\\\/#organization\",\"name\":\"Letssay Formaci\u00f3n\",\"url\":\"https:\\\/\\\/letssayformacion.com\\\/\",\"logo\":{\"@type\":\"ImageObject\",\"inLanguage\":\"en-GB\",\"@id\":\"https:\\\/\\\/letssayformacion.com\\\/#\\\/schema\\\/logo\\\/image\\\/\",\"url\":\"https:\\\/\\\/letssayformacion.com\\\/wp-content\\\/uploads\\\/2025\\\/09\\\/logo-negro-negro-horizontal.png\",\"contentUrl\":\"https:\\\/\\\/letssayformacion.com\\\/wp-content\\\/uploads\\\/2025\\\/09\\\/logo-negro-negro-horizontal.png\",\"width\":2077,\"height\":527,\"caption\":\"Letssay Formaci\u00f3n\"},\"image\":{\"@id\":\"https:\\\/\\\/letssayformacion.com\\\/#\\\/schema\\\/logo\\\/image\\\/\"}}]}<\/script>\n<!-- \/ Yoast SEO plugin. -->","yoast_head_json":{"title":"Contacto - Letssay Formaci\u00f3n","robots":{"index":"index","follow":"follow","max-snippet":"max-snippet:-1","max-image-preview":"max-image-preview:large","max-video-preview":"max-video-preview:-1"},"canonical":"https:\/\/letssayformacion.com\/en\/contacto\/","og_locale":"en_GB","og_type":"article","og_title":"Contacto - Letssay Formaci\u00f3n","og_description":"Contacto En Letssay Formaci\u00f3n, nuestro objetivo es entender tus necesidades para ofrecerte soluciones a medida. Ya sea que tengas preguntas [&hellip;]","og_url":"https:\/\/letssayformacion.com\/en\/contacto\/","og_site_name":"Letssay Formaci\u00f3n","article_modified_time":"2025-09-26T11:23:36+00:00","twitter_card":"summary_large_image","twitter_misc":{"Estimated reading time":"1 minute"},"schema":{"@context":"https:\/\/schema.org","@graph":[{"@type":"WebPage","@id":"https:\/\/letssayformacion.com\/contacto\/","url":"https:\/\/letssayformacion.com\/contacto\/","name":"Contacto - Letssay Formaci\u00f3n","isPartOf":{"@id":"https:\/\/letssayformacion.com\/#website"},"datePublished":"2025-09-08T10:35:41+00:00","dateModified":"2025-09-26T11:23:36+00:00","breadcrumb":{"@id":"https:\/\/letssayformacion.com\/contacto\/#breadcrumb"},"inLanguage":"en-GB","potentialAction":[{"@type":"ReadAction","target":["https:\/\/letssayformacion.com\/contacto\/"]}]},{"@type":"BreadcrumbList","@id":"https:\/\/letssayformacion.com\/contacto\/#breadcrumb","itemListElement":[{"@type":"ListItem","position":1,"name":"Portada","item":"https:\/\/letssayformacion.com\/"},{"@type":"ListItem","position":2,"name":"Contacto"}]},{"@type":"WebSite","@id":"https:\/\/letssayformacion.com\/#website","url":"https:\/\/letssayformacion.com\/","name":"Letssay Formaci\u00f3n","description":"","publisher":{"@id":"https:\/\/letssayformacion.com\/#organization"},"potentialAction":[{"@type":"SearchAction","target":{"@type":"EntryPoint","urlTemplate":"https:\/\/letssayformacion.com\/?s={search_term_string}"},"query-input":{"@type":"PropertyValueSpecification","valueRequired":true,"valueName":"search_term_string"}}],"inLanguage":"en-GB"},{"@type":"Organization","@id":"https:\/\/letssayformacion.com\/#organization","name":"Letssay Formaci\u00f3n","url":"https:\/\/letssayformacion.com\/","logo":{"@type":"ImageObject","inLanguage":"en-GB","@id":"https:\/\/letssayformacion.com\/#\/schema\/logo\/image\/","url":"https:\/\/letssayformacion.com\/wp-content\/uploads\/2025\/09\/logo-negro-negro-horizontal.png","contentUrl":"https:\/\/letssayformacion.com\/wp-content\/uploads\/2025\/09\/logo-negro-negro-horizontal.png","width":2077,"height":527,"caption":"Letssay Formaci\u00f3n"},"image":{"@id":"https:\/\/letssayformacion.com\/#\/schema\/logo\/image\/"}}]}},"_links":{"self":[{"href":"https:\/\/letssayformacion.com\/en\/wp-json\/wp\/v2\/pages\/222","targetHints":{"allow":["GET"]}}],"collection":[{"href":"https:\/\/letssayformacion.com\/en\/wp-json\/wp\/v2\/pages"}],"about":[{"href":"https:\/\/letssayformacion.com\/en\/wp-json\/wp\/v2\/types\/page"}],"author":[{"embeddable":true,"href":"https:\/\/letssayformacion.com\/en\/wp-json\/wp\/v2\/users\/1"}],"replies":[{"embeddable":true,"href":"https:\/\/letssayformacion.com\/en\/wp-json\/wp\/v2\/comments?post=222"}],"version-history":[{"count":28,"href":"https:\/\/letssayformacion.com\/en\/wp-json\/wp\/v2\/pages\/222\/revisions"}],"predecessor-version":[{"id":863,"href":"https:\/\/letssayformacion.com\/en\/wp-json\/wp\/v2\/pages\/222\/revisions\/863"}],"wp:attachment":[{"href":"https:\/\/letssayformacion.com\/en\/wp-json\/wp\/v2\/media?parent=222"}],"curies":[{"name":"wp","href":"https:\/\/api.w.org\/{rel}","templated":true}]}}